{"id":2021,"date":"2014-06-03T13:15:29","date_gmt":"2014-06-03T13:15:29","guid":{"rendered":"http:\/\/lezerscollectief.be\/beta\/?page_id=2021"},"modified":"2024-06-06T11:56:32","modified_gmt":"2024-06-06T09:56:32","slug":"hoe-werken-wij","status":"publish","type":"page","link":"https:\/\/lezerscollectief.be\/nl\/hoe-werken-wij\/","title":{"rendered":"Hoe werken wij?"},"content":{"rendered":"\n<h2 class=\"wp-block-heading\">Het Lezerscollectief CSVO<\/h2>\n\n\n\n<p>Het Lezerscollectief wil zich duidelijk positioneren als een autonome organisatie. Zij is een collectief van LEZERS, geen leesorganisatie. Zij is tegelijkertijd van niemand \u00e9n van iedereen.<\/p>\n\n\n\n<p>Van niemand: geen beleidsdomein, geen sponsor, geen organisatie beheert de werking van het Lezerscollectief.<\/p>\n\n\n\n<p>Van iedereen: elke lezer die aansluit, elke organisatie die de leesrevolutie mee mogelijk maakt, elke instelling die investeert in de opleiding van nieuwe leesbegeleiders, elk (lokaal) bestuur dat een samenwerking opzet\u2026 Verantwoordelijkheid ligt bij niemand \u00e9n bij iedereen. Wie meedoet neemt ze op en bekijkt ook zelf hoe vanuit de samenwerking met het Lezerscollectief het doel wordt bereikt. Grotere samenwerkingen worden gemonitord en bijgestuurd. Co-creatie met belangrijke partners is wezenlijk voor het Lezerscollectief; het ge\u00efntegreerd letterenbeleid, geco\u00f6rdineerd door het Vlaams Fonds voor de Letteren, een belangrijke hefboom.<\/p>\n\n\n\n<p>Het Lezerscollectief hecht veel belang aan participatie. De co\u00f6peranten bepalen mee de koers van de organisatie. Het collectief streeft geen winst na en er is geen financieel winstvoordeel voor de vennoten. De co\u00f6peratieve structuur moet ook waarborgen dat het om een collectief van lezers gaat, een autonome organisatie die van niemand (in het bijzonder) is.<\/p>\n\n\n\n<p>Verantwoordelijkheid ligt bij niemand \u00e9n bij iedereen. Wie meedoet neemt ze op en bekijkt ook zelf hoe vanuit de samenwerking met het Lezerscollectief het doel wordt bereikt. Grotere samenwerkingen worden gemonitord en bijgestuurd.<\/p>\n\n\n\n<h2 class=\"wp-block-heading\">Co\u00f6peratie en co-creatie<\/h2>\n\n\n\n<figure class=\"wp-block-embed is-type-video is-provider-youtube wp-block-embed-youtube wp-embed-aspect-16-9 wp-has-aspect-ratio\"><div class=\"wp-block-embed__wrapper\">\n<iframe loading=\"lazy\" title=\"Wat is een co\u00f6peratie?\" width=\"500\" height=\"281\" src=\"https:\/\/www.youtube.com\/embed\/4eIIZYjOarY?feature=oembed\" frameborder=\"0\" allow=\"accelerometer; autoplay; clipboard-write; encrypted-media; gyroscope; picture-in-picture; web-share\" referrerpolicy=\"strict-origin-when-cross-origin\" allowfullscreen><\/iframe>\n<\/div><\/figure>\n\n\n\n<p>\u201cCo-operatives are a reminder to the international community that it is possible to pursue both economic viability and social responsibility.\u201d<br><em>\u2013 Ban Ki-moon, UN Secretary General<\/em><\/p>\n\n\n\n<p>Co\u00f6peratief ondernemen vertrekt van gedeelde waarden en is gebaseerd op solidariteit. De vennoten die zich aansluiten bij de visie, missie en kernwaarden van het lezerscollectief voelen zich persoonlijk betrokken bij de ontwikkeling van een maatschappelijk project9. Een droom \u00e9n een ambitie die zich vertaalt in participatie: ook vennoten met \u00e9\u00e9n aandeel (100 euro) hebben een re\u00eble stem in het beleid.<\/p>\n\n\n\n<p>Het organisatiemodel van het Lezerscollectief (zie afbeelding blz. 10) vertrekt vanuit een zeer beperkte Raad van Bestuur. Die maakt het mogelijk om de dagelijkse werking snel en effici\u00ebnt aan te sturen. De RvB bestaat daartoe uit vennoten die het kerngoed van het Lezerscollectief koesteren, beschermen en implementeren. Bij de opstart gaat het om de drie oprichters-vennoten. Als vennoot hebben ze geen specifieke rechten.<\/p>\n\n\n\n<p>Inhoudelijk laat de Raad van Bestuur zich inspireren door een grotere groep \u2018Wijzen\u2019 die inhoudelijke feedback geven, expertise aanreiken en beleidsaanbevelingen doen. Deze groep, bestaande uit experten, komt minimaal vier keer per jaar samen.<\/p>\n\n\n\n<p>De Raad van Bestuur legt verantwoording af aan de co\u00f6peranten (vennoten) via de Algemene Vergadering.<\/p>\n\n\n\n<figure class=\"wp-block-image aligncenter\"><img loading=\"lazy\" decoding=\"async\" width=\"1452\" height=\"804\" src=\"https:\/\/lezerscollectief.be\/wp-content\/uploads\/2014\/06\/organisatiemodel.jpg\" alt=\"Infographic van ons organisatiemodel.\" class=\"wp-image-2102\" srcset=\"https:\/\/lezerscollectief.be\/wp-content\/uploads\/2014\/06\/organisatiemodel.jpg 1452w, https:\/\/lezerscollectief.be\/wp-content\/uploads\/2014\/06\/organisatiemodel-600x332.jpg 600w, https:\/\/lezerscollectief.be\/wp-content\/uploads\/2014\/06\/organisatiemodel-300x166.jpg 300w, https:\/\/lezerscollectief.be\/wp-content\/uploads\/2014\/06\/organisatiemodel-768x425.jpg 768w, https:\/\/lezerscollectief.be\/wp-content\/uploads\/2014\/06\/organisatiemodel-1024x567.jpg 1024w, https:\/\/lezerscollectief.be\/wp-content\/uploads\/2014\/06\/organisatiemodel-450x249.jpg 450w\" sizes=\"auto, (max-width: 1452px) 100vw, 1452px\" \/><figcaption class=\"wp-element-caption\">Infographic van ons organisatiemodel.<\/figcaption><\/figure>\n\n\n\n<h2 class=\"wp-block-heading\">Doelgroepen: voor iedereen<\/h2>\n\n\n\n<p>Alle leesbegeleiders starten leesgroepen. Die groepen worden gevormd binnen een bepaalde context. We bereiken daardoor verschillende doelgroepen:<\/p>\n\n\n\n<ul class=\"wp-block-list\">\n<li>bewoners van woon- en zorgcentra<\/li>\n\n\n\n<li>gevangenen<\/li>\n\n\n\n<li>mensen met psychische problemen<\/li>\n\n\n\n<li>probleemjongeren<\/li>\n\n\n\n<li>kinderen en jongeren in onderwijsinstellingen binnen een informele leercontext<\/li>\n\n\n\n<li>mensen in bibliotheken als ontmoetingsplek<\/li>\n\n\n\n<li>nieuwkomers met beperkte kennis van het Nederlands<\/li>\n\n\n\n<li>studenten lerarenopleiding<\/li>\n\n\n\n<li>lezers in verzorgingscontext<\/li>\n\n\n\n<li>&#8230;<\/li>\n<\/ul>\n\n\n\n<p>Naast gerichte doelgroepen richten we ook leesgroepen in die voor iedereen toegankelijk zijn.<\/p>\n\n\n\n<h2 class=\"wp-block-heading\">Een eigen opbrengstmodel<\/h2>\n\n\n\n<p>Het is ondenkbaar om TRO\u2019s succesvol model zomaar te kopi\u00ebren: we moeten zoeken hoe we, vanuit de eigen mogelijkheden en context:<\/p>\n\n\n\n<ul class=\"wp-block-list\">\n<li>kunnen aansluiten bij de leesrevolutie in de openheid en professionaliteit van het TRO voorbeeld;<\/li>\n\n\n\n<li>aansluiting kunnen zoeken bij onderzoek, ge\u00efntegreerd letterenbeleid en maatschappelijk debat in Vlaanderen;<\/li>\n\n\n\n<li>het model van \u2018shared reading\u2019 kunnen gebruiken en verder verfijnen;<\/li>\n\n\n\n<li>kwaliteit kunnen bewaken en een kwaliteitsvol netwerk kunnen uitbouwen<\/li>\n<\/ul>\n\n\n\n<p>We onderscheiden drie groepen.<\/p>\n\n\n\n<p>Opleiders: Hebben de meest intensieve training van TRO gekregen en worden ook intensief opgevolgd. Elke opleider houdt ook voeling met de praktijk. Niet alleen door groepen te bezoeken, maar ook tenminste 1 groep wekelijks zelf te begeleiden. De expertise van de verschillende opleiders is verschillend: elke opleider werkt in een andere context, met een verschillend doelpubliek.<\/p>\n\n\n\n<p>Leesbegeleiders in werkcontext: blijven op post (onderwijs, welzijn, justitie, gezondheid, cultuur\u2026) maar krijgen een mandaat binnen hun eigen organisatie om een (of meer) leesgroep(en) volgens het shared reading principe toe te passen. De organisatie betaalt voor training en opvolging van het personeelslid.<\/p>\n\n\n\n<p>Leesbegeleiders als vrijwilliger: leesgroepbegeleider, los van een werkcontext, onbezoldigd in ruil voor kostenloos netwerk, coaching, leerproces. Het vormingspakket wordt aangeboden en betaald door anderen. Indien Het Lezerscollectief beschikt over een ondernemingsbudget, zal zij dit bij aanmelding ook communiceren.<\/p>\n","protected":false},"excerpt":{"rendered":"<p>Het Lezerscollectief CSVO Het Lezerscollectief wil zich duidelijk positioneren als een autonome organisatie. Zij is een collectief van LEZERS, geen leesorganisatie. Zij is tegelijkertijd van niemand \u00e9n van iedereen. Van niemand: geen beleidsdomein, geen sponsor, geen organisatie beheert de werking van het Lezerscollectief. Van iedereen: elke lezer die aansluit, elke organisatie die de leesrevolutie mee [&hellip;]<\/p>\n","protected":false},"author":2,"featured_media":0,"parent":0,"menu_order":0,"comment_status":"closed","ping_status":"open","template":"","meta":{"footnotes":""},"class_list":["post-2021","page","type-page","status-publish","hentry"],"_links":{"self":[{"href":"https:\/\/lezerscollectief.be\/nl\/wp-json\/wp\/v2\/pages\/2021","targetHints":{"allow":["GET"]}}],"collection":[{"href":"https:\/\/lezerscollectief.be\/nl\/wp-json\/wp\/v2\/pages"}],"about":[{"href":"https:\/\/lezerscollectief.be\/nl\/wp-json\/wp\/v2\/types\/page"}],"author":[{"embeddable":true,"href":"https:\/\/lezerscollectief.be\/nl\/wp-json\/wp\/v2\/users\/2"}],"replies":[{"embeddable":true,"href":"https:\/\/lezerscollectief.be\/nl\/wp-json\/wp\/v2\/comments?post=2021"}],"version-history":[{"count":3,"href":"https:\/\/lezerscollectief.be\/nl\/wp-json\/wp\/v2\/pages\/2021\/revisions"}],"predecessor-version":[{"id":18045,"href":"https:\/\/lezerscollectief.be\/nl\/wp-json\/wp\/v2\/pages\/2021\/revisions\/18045"}],"wp:attachment":[{"href":"https:\/\/lezerscollectief.be\/nl\/wp-json\/wp\/v2\/media?parent=2021"}],"curies":[{"name":"wp","href":"https:\/\/api.w.org\/{rel}","templated":true}]}}