{"id":3217,"date":"2018-11-04T15:20:40","date_gmt":"2018-11-04T13:20:40","guid":{"rendered":"http:\/\/lezerscollectief-wordpress.test\/?page_id=3217"},"modified":"2024-01-16T00:30:12","modified_gmt":"2024-01-15T22:30:12","slug":"word-cooperant","status":"publish","type":"page","link":"https:\/\/lezerscollectief.be\/nl\/word-cooperant\/","title":{"rendered":"Word Vennoot"},"content":{"rendered":"\n<p><strong>Wat is een co\u00f6perant?<\/strong><\/p>\n\n\n\n<figure class=\"wp-block-image alignright\"><img loading=\"lazy\" decoding=\"async\" width=\"596\" height=\"250\" src=\"https:\/\/lezerscollectief.be\/wp-content\/uploads\/2014\/07\/slider2-back.jpeg\" alt=\"Achtergrond voor slide 2 op de voorpagina\" class=\"wp-image-2224\" srcset=\"https:\/\/lezerscollectief.be\/wp-content\/uploads\/2014\/07\/slider2-back.jpeg 596w, https:\/\/lezerscollectief.be\/wp-content\/uploads\/2014\/07\/slider2-back-350x147.jpeg 350w, https:\/\/lezerscollectief.be\/wp-content\/uploads\/2014\/07\/slider2-back-300x126.jpeg 300w, https:\/\/lezerscollectief.be\/wp-content\/uploads\/2014\/07\/slider2-back-450x189.jpeg 450w\" sizes=\"auto, (max-width: 596px) 100vw, 596px\" \/><\/figure>\n\n\n\n<p>Een co\u00f6perant is letterlijk iemand die \u2018meewerkt\u2019. Je hebt sympathie voor de ambities van Het Lezerscollectief en je wilt meedenken over de (bestuurlijke) realisatie zonder de dagelijkse beslommeringen. Als co\u00f6perant doe je dat door \u00e9\u00e9n aandeel (of een veelvoud daarvan) aan te schaffen. Je wordt uitgenodigd op de Algemene Vergadering. Elke co\u00f6perant heeft \u00e9\u00e9n stem, los van het feit of hij over meer aandelen beschikt.&nbsp;<\/p>\n\n\n\n<p><strong>Waarom zou ik co\u00f6perant worden?<\/strong><\/p>\n\n\n\n<p>Omdat je enthousiast bent over Het Lezerscollectief en graag je schouders zet onder een maatschappelijk relevant project dat wordt gerealiseerd vanuit een zeer open bestuursvorm.<\/p>\n\n\n\n<p><strong>Kan ik mijn geld terugkrijgen?<\/strong><\/p>\n\n\n\n<p>Het Lezerscollectief reikt nooit dividend uit. Onze aandeelhouders kiezen dus resoluut voor een maximale maatschappelijke winst. Omdat het aandeel \u2018voor het leven\u2019 is durven we hopen dat je voor een A-aandeel kiest: een aandeel dat je&nbsp;<em>nooit<\/em>wenst terug te verkopen. Maar wie meer aandelen wil kopen, of voorzichtiger wil zijn of wie zijn geld mogelijk later in een andere doel wil investeren, voorzien we ook een B-aandeel. Dat aandeel kan je terug verkopen. In onze statuten lees je onze reglementering daaromtrent.<\/p>\n\n\n\n<p><strong>Krijg je iets (anders) terug als co\u00f6perant?<\/strong><\/p>\n\n\n\n<p>Naast &nbsp;<\/p>\n\n\n\n<ul class=\"wp-block-list\">\n<li>informatie via nieuwsbrieven<\/li>\n\n\n\n<li>perspectief op een maatschappelijk engagement<\/li>\n\n\n\n<li>inspraak in de werking van de co\u00f6peratie<\/li>\n<\/ul>\n\n\n\n<p>biedt Het Lezerscollectief ook mogelijke voordelen aan.&nbsp;<\/p>\n\n\n\n<p><strong>Zijn er verplichtingen voor de co\u00f6peranten?<\/strong><\/p>\n\n\n\n<p>Neen. Tenzij: op jouw beurt andere mensen overtuigen van dit zinvolle initiatief.<\/p>\n\n\n\n<p><strong>Wat is een cvba? En een cvso?<\/strong><\/p>\n\n\n\n<p>Het Lezerscollectief is een cvba. CVBA staat voor Co\u00f6peratieve Vennootschap met Beperkte Aansprakelijkheid. Dit is de ideale rechtsvorm om een grote groep mensen te betrekken binnen een beperkte aansprakelijkheid. Bovendien&nbsp; kunnen nieuwe vennoten voortdurend aansluiten, zonder dat daarvoor een procedure bij de notaris moet worden opgestart. Door deze eenvoudige \u2018kapitaalsverhogingen\u2019 is ook de drempel klein om aan te sluiten en te participeren.<\/p>\n\n\n\n<p>Het Lezerscollectief is een cvba met sociaal oogmerk. Deze CVBA-SO of erkende CVSO staat voor erkende Co\u00f6peratieve Vennootschap met Sociaal Oogmerk. Dit oogmerk is duidelijk omschreven in onze statuten.<\/p>\n\n\n\n<p><strong>Wie controleert Het Lezerscollectief cvba?<\/strong><\/p>\n\n\n\n<p>Jaarlijks wordt op de Algemene Vergadering de jaarrekening van het afgelopen jaar (die opgesteld wordt door een onafhankelijke bedrijfsrevisor) en de begroting voor het komende jaar ter goedkeuring voorgelegd.&nbsp;<\/p>\n\n\n\n<p><strong>Kan Het Lezerscollectief cvba failliet gaan?<\/strong><\/p>\n\n\n\n<p>Zoals elke bedrijf kan ook Het Lezerscollectief failliet gaan als de schulden te groot zijn. Eigenlijk is daar weinig gevaar voor, omdat Het Lezerscollectief nooit zelf volledig financiert. Samenwerking met partners maakt ook ons financieel minder kwetsbaar.<\/p>\n\n\n\n<p><\/p>\n","protected":false},"excerpt":{"rendered":"<p>Wat is een co\u00f6perant? Een co\u00f6perant is letterlijk iemand die \u2018meewerkt\u2019. Je hebt sympathie voor de ambities van Het Lezerscollectief en je wilt meedenken over de (bestuurlijke) realisatie zonder de dagelijkse beslommeringen. Als co\u00f6perant doe je dat door \u00e9\u00e9n aandeel (of een veelvoud daarvan) aan te schaffen. Je wordt uitgenodigd op de Algemene Vergadering. Elke [&hellip;]<\/p>\n","protected":false},"author":2,"featured_media":0,"parent":0,"menu_order":0,"comment_status":"closed","ping_status":"closed","template":"","meta":{"footnotes":""},"class_list":["post-3217","page","type-page","status-publish","hentry"],"_links":{"self":[{"href":"https:\/\/lezerscollectief.be\/nl\/wp-json\/wp\/v2\/pages\/3217","targetHints":{"allow":["GET"]}}],"collection":[{"href":"https:\/\/lezerscollectief.be\/nl\/wp-json\/wp\/v2\/pages"}],"about":[{"href":"https:\/\/lezerscollectief.be\/nl\/wp-json\/wp\/v2\/types\/page"}],"author":[{"embeddable":true,"href":"https:\/\/lezerscollectief.be\/nl\/wp-json\/wp\/v2\/users\/2"}],"replies":[{"embeddable":true,"href":"https:\/\/lezerscollectief.be\/nl\/wp-json\/wp\/v2\/comments?post=3217"}],"version-history":[{"count":11,"href":"https:\/\/lezerscollectief.be\/nl\/wp-json\/wp\/v2\/pages\/3217\/revisions"}],"predecessor-version":[{"id":17884,"href":"https:\/\/lezerscollectief.be\/nl\/wp-json\/wp\/v2\/pages\/3217\/revisions\/17884"}],"wp:attachment":[{"href":"https:\/\/lezerscollectief.be\/nl\/wp-json\/wp\/v2\/media?parent=3217"}],"curies":[{"name":"wp","href":"https:\/\/api.w.org\/{rel}","templated":true}]}}